{"id":349023,"date":"2023-03-16T08:15:29","date_gmt":"2023-03-16T07:15:29","guid":{"rendered":"https:\/\/culinario.fr\/?page_id=349023"},"modified":"2023-09-12T13:02:07","modified_gmt":"2023-09-12T12:02:07","slug":"patisserie","status":"publish","type":"page","link":"https:\/\/culinario.fr\/fr_fr\/patisserie\/","title":{"rendered":"P\u00e2tisserie"},"content":{"rendered":"\t\t<div data-elementor-type=\"wp-page\" data-elementor-id=\"349023\" class=\"elementor elementor-349023\" data-elementor-post-type=\"page\">\n\t\t\t\t\t\t<section class=\"elementor-section elementor-top-section elementor-element elementor-element-e8de103 elementor-section-boxed elementor-section-height-default elementor-section-height-default\" data-id=\"e8de103\" data-element_type=\"section\" data-e-type=\"section\">\n\t\t\t\t\t\t<div class=\"elementor-container elementor-column-gap-default\">\n\t\t\t\t\t<div class=\"elementor-column elementor-col-100 elementor-top-column elementor-element elementor-element-df6d09c\" data-id=\"df6d09c\" data-element_type=\"column\" data-e-type=\"column\">\n\t\t\t<div class=\"elementor-widget-wrap elementor-element-populated\">\n\t\t\t\t\t\t<div class=\"elementor-element elementor-element-50e2530 elementor-widget elementor-widget-text-editor\" data-id=\"50e2530\" data-element_type=\"widget\" data-e-type=\"widget\" data-widget_type=\"text-editor.default\">\n\t\t\t\t<div class=\"elementor-widget-container\">\n\t\t\t\t\t\t\t\t\t<p>\n\t\t\t<!-- START Formations REVOLUTION SLIDER 6.7.40 --><p class=\"rs-p-wp-fix\"><\/p>\n\t\t\t<rs-module-wrap id=\"rev_slider_1_1_wrapper\" data-source=\"gallery\" style=\"visibility:hidden;background:transparent;padding:0;\">\n\t\t\t\t<rs-module id=\"rev_slider_1_1\" style=\"\" data-version=\"6.7.40\">\n\t\t\t\t\t<rs-slides style=\"overflow: hidden; position: absolute;\">\n\t\t\t\t\t\t<rs-slide style=\"position: absolute;\" data-key=\"rs-1\" data-title=\"Slide\" data-in=\"o:0;\" data-out=\"a:false;\">\n\t\t\t\t\t\t\t<img fetchpriority=\"high\" decoding=\"async\" src=\"\/\/culinario.fr\/wp-content\/plugins\/revslider\/sr6\/assets\/assets\/dummy.png\" alt=\"\" title=\"Formation-culinario-centre-4\" width=\"2560\" height=\"1707\" class=\"rev-slidebg tp-rs-img rs-lazyload\" data-lazyload=\"\/\/culinario.fr\/wp-content\/uploads\/2025\/01\/Formation-culinario-centre-4.jpg\" data-parallax=\"2\" data-panzoom=\"d:10000;ss:100;se:120%;\" data-no-retina>\n<!--\n\t\t\t\t\t\t\t--><rs-layer\n\t\t\t\t\t\t\t\tid=\"slider-1-slide-1-layer-20\" \n\t\t\t\t\t\t\t\tdata-type=\"shape\"\n\t\t\t\t\t\t\t\tdata-rsp_ch=\"on\"\n\t\t\t\t\t\t\t\tdata-xy=\"xo:-30px,-24px,-18px,-11px;yo:160px,132px,100px,61px;\"\n\t\t\t\t\t\t\t\tdata-text=\"w:normal;s:20,16,12,7;l:0,20,15,9;\"\n\t\t\t\t\t\t\t\tdata-dim=\"w:90px,74px,56px,34px;h:90px,74px,56px,34px;\"\n\t\t\t\t\t\t\t\tdata-basealign=\"slide\"\n\t\t\t\t\t\t\t\tdata-border=\"bos:solid;boc:rgba(255, 255, 255, 0.2);bow:15px,15px,15px,15px;bor:50px,50px,50px,50px;\"\n\t\t\t\t\t\t\t\tdata-frame_1=\"e:power1.in;sp:1000;\"\n\t\t\t\t\t\t\t\tdata-frame_999=\"o:0;st:w;sR:8000;\"\n\t\t\t\t\t\t\t\tstyle=\"z-index:9;background-color:rgba(0,0,0,0);\"\n\t\t\t\t\t\t\t> \n\t\t\t\t\t\t\t<\/rs-layer><!--\n-->\t\t\t\t\t<\/rs-slide>\n\t\t\t\t\t<\/rs-slides>\n\t\t\t\t<\/rs-module>\n\t\t\t\t<script>\n\t\t\t\t\tsetREVStartSize({c: 'rev_slider_1_1',rl:[1240,1024,778,480],el:[1000,768,959,719],gw:[1240,1025,778,480],gh:[1000,768,960,720],type:'standard',justify:'',layout:'fullscreen',offsetContainer:'',offset:'',mh:\"0\"});if (window.RS_MODULES!==undefined && window.RS_MODULES.modules!==undefined && window.RS_MODULES.modules[\"revslider11\"]!==undefined) {window.RS_MODULES.modules[\"revslider11\"].once = false;window.revapi1 = undefined;if (window.RS_MODULES.checkMinimal!==undefined) window.RS_MODULES.checkMinimal()}\n\t\t\t\t<\/script>\n\t\t\t<\/rs-module-wrap>\n\t\t\t<!-- END REVOLUTION SLIDER -->\n<\/p>\t\t\t\t\t\t\t\t<\/div>\n\t\t\t\t<\/div>\n\t\t\t\t\t<\/div>\n\t\t<\/div>\n\t\t\t\t\t<\/div>\n\t\t<\/section>\n\t\t\t\t<section class=\"elementor-section elementor-top-section elementor-element elementor-element-9080bbd elementor-section-boxed elementor-section-height-default elementor-section-height-default\" data-id=\"9080bbd\" data-element_type=\"section\" data-e-type=\"section\">\n\t\t\t\t\t\t<div class=\"elementor-container elementor-column-gap-default\">\n\t\t\t\t\t<div class=\"elementor-column elementor-col-50 elementor-top-column elementor-element elementor-element-c434a3e\" data-id=\"c434a3e\" data-element_type=\"column\" data-e-type=\"column\">\n\t\t\t<div class=\"elementor-widget-wrap elementor-element-populated\">\n\t\t\t\t\t\t<div class=\"elementor-element elementor-element-9fbf68a elementor-widget elementor-widget-heading\" data-id=\"9fbf68a\" data-element_type=\"widget\" data-e-type=\"widget\" data-widget_type=\"heading.default\">\n\t\t\t\t<div class=\"elementor-widget-container\">\n\t\t\t\t\t<h1 class=\"elementor-heading-title elementor-size-default\">P\u00e2tisserie<\/h1>\t\t\t\t<\/div>\n\t\t\t\t<\/div>\n\t\t\t\t<div class=\"elementor-element elementor-element-703da03 elementor-widget elementor-widget-text-editor\" data-id=\"703da03\" data-element_type=\"widget\" data-e-type=\"widget\" data-widget_type=\"text-editor.default\">\n\t\t\t\t<div class=\"elementor-widget-container\">\n\t\t\t\t\t\t\t\t\t<p>\u00a0<\/p><p>Souhaitant poursuivre son \u00e9volution CULINARIO lance son CAP P\u00e2tisserie (Certificat d\u2019Aptitude Professionnel) revisit\u00e9 par DBD Formation &amp; Consulting qui prend en compte l\u2019environnement professionnel actuel et qui permettra aux nouveaux p\u00e2tissiers de ma\u00eetriser les diff\u00e9rentes techniques de la p\u00e2tisserie.<\/p><p>Vous \u00eates d\u00e9butant et passionn\u00e9 par la p\u00e2tisserie, ou professionnel dans un autre univers et vous souhaitez apprendre tous les gestes techniques et proc\u00e9d\u00e9s de base de la p\u00e2tisserie professionnelle, cette formation est faite pour vous !<\/p><p>Notre centre vous offre la possibilit\u00e9 d\u2019apprendre ce m\u00e9tier cr\u00e9atif et passionnant dans un lieu unique et captivant.<\/p><p>Celle-ci est encadr\u00e9e par des professionnels de la p\u00e2tisserie.<\/p><p>Une formation en hygi\u00e8ne et s\u00e9curit\u00e9 alimentaire avec application de la m\u00e9thode HACCP ainsi qu\u2019une formation aux premiers secours viendront compl\u00e9menter la formation.<\/p><p>Alors n\u2019h\u00e9sitez pas venez saisir votre chance\u00a0!<\/p>\t\t\t\t\t\t\t\t<\/div>\n\t\t\t\t<\/div>\n\t\t\t\t\t<\/div>\n\t\t<\/div>\n\t\t\t\t<div class=\"elementor-column elementor-col-50 elementor-top-column elementor-element elementor-element-014b6f0\" data-id=\"014b6f0\" data-element_type=\"column\" data-e-type=\"column\">\n\t\t\t<div class=\"elementor-widget-wrap elementor-element-populated\">\n\t\t\t\t\t\t<div class=\"elementor-element elementor-element-88e90f2 elementor-widget elementor-widget-image\" data-id=\"88e90f2\" data-element_type=\"widget\" data-e-type=\"widget\" data-widget_type=\"image.default\">\n\t\t\t\t<div class=\"elementor-widget-container\">\n\t\t\t\t\t\t\t\t\t\t\t\t\t\t\t<img decoding=\"async\" width=\"400\" height=\"610\" src=\"https:\/\/culinario.fr\/wp-content\/uploads\/2022\/05\/4-1.png\" class=\"attachment-2048x2048 size-2048x2048 wp-image-332550\" alt=\"P\u00e2tisseries formation\" srcset=\"https:\/\/culinario.fr\/wp-content\/uploads\/2022\/05\/4-1.png 400w, https:\/\/culinario.fr\/wp-content\/uploads\/2022\/05\/4-1-197x300.png 197w\" sizes=\"(max-width: 400px) 100vw, 400px\" \/>\t\t\t\t\t\t\t\t\t\t\t\t\t\t\t<\/div>\n\t\t\t\t<\/div>\n\t\t\t\t\t<\/div>\n\t\t<\/div>\n\t\t\t\t\t<\/div>\n\t\t<\/section>\n\t\t\t\t<\/div>\n\t\t","protected":false},"excerpt":{"rendered":"<p>P\u00e2tisserie \u00a0 Souhaitant poursuivre son \u00e9volution CULINARIO lance son CAP P\u00e2tisserie (Certificat d\u2019Aptitude Professionnel) revisit\u00e9 par DBD Formation &amp; Consulting qui prend en compte l\u2019environnement professionnel actuel et qui permettra aux nouveaux p\u00e2tissiers de ma\u00eetriser les diff\u00e9rentes techniques de la p\u00e2tisserie. Vous \u00eates d\u00e9butant et passionn\u00e9 par la p\u00e2tisserie, ou professionnel dans un autre univers [&hellip;]<\/p>\n","protected":false},"author":4,"featured_media":0,"parent":0,"menu_order":0,"comment_status":"closed","ping_status":"closed","template":"","meta":{"footnotes":""},"class_list":["post-349023","page","type-page","status-publish","hentry"],"yoast_head":"<!-- This site is optimized with the Yoast SEO plugin v27.5 - https:\/\/yoast.com\/product\/yoast-seo-wordpress\/ -->\n<title>P\u00e2tisserie - Culinario<\/title>\n<meta name=\"robots\" content=\"index, follow, max-snippet:-1, max-image-preview:large, max-video-preview:-1\" \/>\n<link rel=\"canonical\" href=\"http:\/\/culinario.fr\/fr_fr\/patisserie\/\" \/>\n<meta property=\"og:locale\" content=\"fr_FR\" \/>\n<meta property=\"og:type\" content=\"article\" \/>\n<meta property=\"og:title\" content=\"P\u00e2tisserie - Culinario\" \/>\n<meta property=\"og:description\" content=\"P\u00e2tisserie \u00a0 Souhaitant poursuivre son \u00e9volution CULINARIO lance son CAP P\u00e2tisserie (Certificat d\u2019Aptitude Professionnel) revisit\u00e9 par DBD Formation &amp; Consulting qui prend en compte l\u2019environnement professionnel actuel et qui permettra aux nouveaux p\u00e2tissiers de ma\u00eetriser les diff\u00e9rentes techniques de la p\u00e2tisserie. Vous \u00eates d\u00e9butant et passionn\u00e9 par la p\u00e2tisserie, ou professionnel dans un autre univers [&hellip;]\" \/>\n<meta property=\"og:url\" content=\"http:\/\/culinario.fr\/fr_fr\/patisserie\/\" \/>\n<meta property=\"og:site_name\" content=\"Culinario\" \/>\n<meta property=\"article:publisher\" content=\"https:\/\/www.facebook.com\/profile.php?id=100083483973609\" \/>\n<meta property=\"article:modified_time\" content=\"2023-09-12T12:02:07+00:00\" \/>\n<meta property=\"og:image\" content=\"https:\/\/culinario.fr\/wp-content\/uploads\/2022\/05\/4-1.png\" \/>\n<meta name=\"twitter:label1\" content=\"Dur\u00e9e de lecture estim\u00e9e\" \/>\n\t<meta name=\"twitter:data1\" content=\"2 minutes\" \/>\n<script type=\"application\/ld+json\" class=\"yoast-schema-graph\">{\"@context\":\"https:\\\/\\\/schema.org\",\"@graph\":[{\"@type\":\"WebPage\",\"@id\":\"http:\\\/\\\/culinario.fr\\\/es\\\/patisserie\\\/\",\"url\":\"http:\\\/\\\/culinario.fr\\\/es\\\/patisserie\\\/\",\"name\":\"P\u00e2tisserie - Culinario\",\"isPartOf\":{\"@id\":\"https:\\\/\\\/culinario.fr\\\/#website\"},\"primaryImageOfPage\":{\"@id\":\"http:\\\/\\\/culinario.fr\\\/es\\\/patisserie\\\/#primaryimage\"},\"image\":{\"@id\":\"http:\\\/\\\/culinario.fr\\\/es\\\/patisserie\\\/#primaryimage\"},\"thumbnailUrl\":\"https:\\\/\\\/culinario.fr\\\/wp-content\\\/uploads\\\/2022\\\/05\\\/4-1.png\",\"datePublished\":\"2023-03-16T07:15:29+00:00\",\"dateModified\":\"2023-09-12T12:02:07+00:00\",\"inLanguage\":\"fr-FR\",\"potentialAction\":[{\"@type\":\"ReadAction\",\"target\":[\"http:\\\/\\\/culinario.fr\\\/es\\\/patisserie\\\/\"]}]},{\"@type\":\"ImageObject\",\"inLanguage\":\"fr-FR\",\"@id\":\"http:\\\/\\\/culinario.fr\\\/es\\\/patisserie\\\/#primaryimage\",\"url\":\"https:\\\/\\\/culinario.fr\\\/wp-content\\\/uploads\\\/2022\\\/05\\\/4-1.png\",\"contentUrl\":\"https:\\\/\\\/culinario.fr\\\/wp-content\\\/uploads\\\/2022\\\/05\\\/4-1.png\"},{\"@type\":\"WebSite\",\"@id\":\"https:\\\/\\\/culinario.fr\\\/#website\",\"url\":\"https:\\\/\\\/culinario.fr\\\/\",\"name\":\"Culinario\",\"description\":\"Centre de formation pr\u00e8s de Perpignan\",\"publisher\":{\"@id\":\"https:\\\/\\\/culinario.fr\\\/#organization\"},\"potentialAction\":[{\"@type\":\"SearchAction\",\"target\":{\"@type\":\"EntryPoint\",\"urlTemplate\":\"https:\\\/\\\/culinario.fr\\\/?s={search_term_string}\"},\"query-input\":{\"@type\":\"PropertyValueSpecification\",\"valueRequired\":true,\"valueName\":\"search_term_string\"}}],\"inLanguage\":\"fr-FR\"},{\"@type\":\"Organization\",\"@id\":\"https:\\\/\\\/culinario.fr\\\/#organization\",\"name\":\"Culinario\",\"url\":\"https:\\\/\\\/culinario.fr\\\/\",\"logo\":{\"@type\":\"ImageObject\",\"inLanguage\":\"fr-FR\",\"@id\":\"https:\\\/\\\/culinario.fr\\\/#\\\/schema\\\/logo\\\/image\\\/\",\"url\":\"https:\\\/\\\/culinario.fr\\\/wp-content\\\/uploads\\\/2014\\\/09\\\/Sans-titre-6.png\",\"contentUrl\":\"https:\\\/\\\/culinario.fr\\\/wp-content\\\/uploads\\\/2014\\\/09\\\/Sans-titre-6.png\",\"width\":250,\"height\":250,\"caption\":\"Culinario\"},\"image\":{\"@id\":\"https:\\\/\\\/culinario.fr\\\/#\\\/schema\\\/logo\\\/image\\\/\"},\"sameAs\":[\"https:\\\/\\\/www.facebook.com\\\/profile.php?id=100083483973609\",\"https:\\\/\\\/www.linkedin.com\\\/company\\\/culinario66\\\/\",\"https:\\\/\\\/www.youtube.com\\\/channel\\\/UCgfE2kjMvlFzrXqaKYGuxzQ\"]}]}<\/script>\n<!-- \/ Yoast SEO plugin. -->","yoast_head_json":{"title":"P\u00e2tisserie - Culinario","robots":{"index":"index","follow":"follow","max-snippet":"max-snippet:-1","max-image-preview":"max-image-preview:large","max-video-preview":"max-video-preview:-1"},"canonical":"http:\/\/culinario.fr\/fr_fr\/patisserie\/","og_locale":"fr_FR","og_type":"article","og_title":"P\u00e2tisserie - Culinario","og_description":"P\u00e2tisserie \u00a0 Souhaitant poursuivre son \u00e9volution CULINARIO lance son CAP P\u00e2tisserie (Certificat d\u2019Aptitude Professionnel) revisit\u00e9 par DBD Formation &amp; Consulting qui prend en compte l\u2019environnement professionnel actuel et qui permettra aux nouveaux p\u00e2tissiers de ma\u00eetriser les diff\u00e9rentes techniques de la p\u00e2tisserie. Vous \u00eates d\u00e9butant et passionn\u00e9 par la p\u00e2tisserie, ou professionnel dans un autre univers [&hellip;]","og_url":"http:\/\/culinario.fr\/fr_fr\/patisserie\/","og_site_name":"Culinario","article_publisher":"https:\/\/www.facebook.com\/profile.php?id=100083483973609","article_modified_time":"2023-09-12T12:02:07+00:00","og_image":[{"url":"https:\/\/culinario.fr\/wp-content\/uploads\/2022\/05\/4-1.png","type":"","width":"","height":""}],"twitter_misc":{"Dur\u00e9e de lecture estim\u00e9e":"2 minutes"},"schema":{"@context":"https:\/\/schema.org","@graph":[{"@type":"WebPage","@id":"http:\/\/culinario.fr\/es\/patisserie\/","url":"http:\/\/culinario.fr\/es\/patisserie\/","name":"P\u00e2tisserie - Culinario","isPartOf":{"@id":"https:\/\/culinario.fr\/#website"},"primaryImageOfPage":{"@id":"http:\/\/culinario.fr\/es\/patisserie\/#primaryimage"},"image":{"@id":"http:\/\/culinario.fr\/es\/patisserie\/#primaryimage"},"thumbnailUrl":"https:\/\/culinario.fr\/wp-content\/uploads\/2022\/05\/4-1.png","datePublished":"2023-03-16T07:15:29+00:00","dateModified":"2023-09-12T12:02:07+00:00","inLanguage":"fr-FR","potentialAction":[{"@type":"ReadAction","target":["http:\/\/culinario.fr\/es\/patisserie\/"]}]},{"@type":"ImageObject","inLanguage":"fr-FR","@id":"http:\/\/culinario.fr\/es\/patisserie\/#primaryimage","url":"https:\/\/culinario.fr\/wp-content\/uploads\/2022\/05\/4-1.png","contentUrl":"https:\/\/culinario.fr\/wp-content\/uploads\/2022\/05\/4-1.png"},{"@type":"WebSite","@id":"https:\/\/culinario.fr\/#website","url":"https:\/\/culinario.fr\/","name":"Culinario","description":"Centre de formation pr\u00e8s de Perpignan","publisher":{"@id":"https:\/\/culinario.fr\/#organization"},"potentialAction":[{"@type":"SearchAction","target":{"@type":"EntryPoint","urlTemplate":"https:\/\/culinario.fr\/?s={search_term_string}"},"query-input":{"@type":"PropertyValueSpecification","valueRequired":true,"valueName":"search_term_string"}}],"inLanguage":"fr-FR"},{"@type":"Organization","@id":"https:\/\/culinario.fr\/#organization","name":"Culinario","url":"https:\/\/culinario.fr\/","logo":{"@type":"ImageObject","inLanguage":"fr-FR","@id":"https:\/\/culinario.fr\/#\/schema\/logo\/image\/","url":"https:\/\/culinario.fr\/wp-content\/uploads\/2014\/09\/Sans-titre-6.png","contentUrl":"https:\/\/culinario.fr\/wp-content\/uploads\/2014\/09\/Sans-titre-6.png","width":250,"height":250,"caption":"Culinario"},"image":{"@id":"https:\/\/culinario.fr\/#\/schema\/logo\/image\/"},"sameAs":["https:\/\/www.facebook.com\/profile.php?id=100083483973609","https:\/\/www.linkedin.com\/company\/culinario66\/","https:\/\/www.youtube.com\/channel\/UCgfE2kjMvlFzrXqaKYGuxzQ"]}]}},"_links":{"self":[{"href":"https:\/\/culinario.fr\/fr_fr\/wp-json\/wp\/v2\/pages\/349023","targetHints":{"allow":["GET"]}}],"collection":[{"href":"https:\/\/culinario.fr\/fr_fr\/wp-json\/wp\/v2\/pages"}],"about":[{"href":"https:\/\/culinario.fr\/fr_fr\/wp-json\/wp\/v2\/types\/page"}],"author":[{"embeddable":true,"href":"https:\/\/culinario.fr\/fr_fr\/wp-json\/wp\/v2\/users\/4"}],"replies":[{"embeddable":true,"href":"https:\/\/culinario.fr\/fr_fr\/wp-json\/wp\/v2\/comments?post=349023"}],"version-history":[{"count":10,"href":"https:\/\/culinario.fr\/fr_fr\/wp-json\/wp\/v2\/pages\/349023\/revisions"}],"predecessor-version":[{"id":384132,"href":"https:\/\/culinario.fr\/fr_fr\/wp-json\/wp\/v2\/pages\/349023\/revisions\/384132"}],"wp:attachment":[{"href":"https:\/\/culinario.fr\/fr_fr\/wp-json\/wp\/v2\/media?parent=349023"}],"curies":[{"name":"wp","href":"https:\/\/api.w.org\/{rel}","templated":true}]}}